{"id":1566,"date":"2025-08-06T23:11:50","date_gmt":"2025-08-06T23:11:50","guid":{"rendered":"https:\/\/esencanhastanesi.com.tr\/contracted-institutions\/"},"modified":"2026-04-16T10:44:46","modified_gmt":"2026-04-16T10:44:46","slug":"contracted-institutions","status":"publish","type":"page","link":"https:\/\/esencanhastanesi.com.tr\/en\/contracted-institutions\/","title":{"rendered":"Contracted Institutions"},"content":{"rendered":"<div class=\"accordion-container\">\n\t\t<span class=\"content-header\">CONTRACTED INSTITUTIONS AND INSURANCES<\/span>\n\t\t\t<p>You can find the list of institutions we have agreements with, categorized below.<\/p>\n\t\n\t\t\t<div class=\"accordion-item\">\n\t\t<div class=\"accordion-header\">\n\t\t\t<div class=\"title-left\">\n\t\t\t\t<img decoding=\"async\" src=\"https:\/\/esencanhastanesi.com.tr\/wp-content\/themes\/esencan-hastanesi\/assets\/img\/gray-arrow.svg\" alt=\"\" class=\"accordion-arrow\">\n\t\t\t\t<span class=\"accordion-title\">TSS Insurance<\/span>\n\t\t\t<\/div>\n\t\t\t<span class=\"accordion-number\">01<\/span>\n\n\t\t<\/div>\n\t\t<div class=\"accordion-content\">\n\t\t\t<ul>\n<li>\n<p data-path-to-node=\"1,0,0\"><b data-path-to-node=\"1,0,0\" data-index-in-node=\"0\">ACNTURK INSURANCE<\/b><\/p>\n<\/li>\n<li>\n<p data-path-to-node=\"1,1,0\"><b data-path-to-node=\"1,1,0\" data-index-in-node=\"0\">ALLIANZ INSURANCE<\/b><\/p>\n<\/li>\n<li>\n<p data-path-to-node=\"1,2,0\"><b data-path-to-node=\"1,2,0\" data-index-in-node=\"0\">ANA INSURANCE<\/b><\/p>\n<\/li>\n<li>\n<p data-path-to-node=\"1,3,0\"><b data-path-to-node=\"1,3,0\" data-index-in-node=\"0\">ANADOLU INSURANCE<\/b><\/p>\n<\/li>\n<li>\n<p data-path-to-node=\"1,4,0\"><b data-path-to-node=\"1,4,0\" data-index-in-node=\"0\">ANKARA INSURANCE<\/b><\/p>\n<\/li>\n<li>\n<p data-path-to-node=\"1,5,0\"><b data-path-to-node=\"1,5,0\" data-index-in-node=\"0\">AXA INSURANCE<\/b><\/p>\n<\/li>\n<li>\n<p data-path-to-node=\"1,6,0\"><b data-path-to-node=\"1,6,0\" data-index-in-node=\"0\">BUPA ACIBADEM INSURANCE<\/b><\/p>\n<\/li>\n<li>\n<p data-path-to-node=\"1,7,0\"><b data-path-to-node=\"1,7,0\" data-index-in-node=\"0\">DEMIR HEALTH AND LIFE INSURANCE<\/b><\/p>\n<\/li>\n<li>\n<p data-path-to-node=\"1,8,0\"><b data-path-to-node=\"1,8,0\" data-index-in-node=\"0\">DO\u011eA INSURANCE<\/b><\/p>\n<\/li>\n<li>\n<p data-path-to-node=\"1,9,0\"><b data-path-to-node=\"1,9,0\" data-index-in-node=\"0\">ETHICA INSURANCE<\/b><\/p>\n<\/li>\n<li>\n<p data-path-to-node=\"1,10,0\"><b data-path-to-node=\"1,10,0\" data-index-in-node=\"0\">GENERALI INSURANCE<\/b><\/p>\n<\/li>\n<li>\n<p data-path-to-node=\"1,11,0\"><b data-path-to-node=\"1,11,0\" data-index-in-node=\"0\">GROUPAMA INSURANCE<\/b><\/p>\n<\/li>\n<li>\n<h4>GARANT\u0130 BBVA Emeklilik<\/h4>\n<\/li>\n<li>\n<p data-path-to-node=\"1,12,0\"><b data-path-to-node=\"1,12,0\" data-index-in-node=\"0\">HEP IYI INSURANCE<\/b><\/p>\n<\/li>\n<li>\n<h4>VIENNALIFE EMEKLILIK VE HAYAT<\/h4>\n<\/li>\n<\/ul>\n\t\t<\/div>\n\t<\/div>\n\t\t<div class=\"accordion-item\">\n\t\t<div class=\"accordion-header\">\n\t\t\t<div class=\"title-left\">\n\t\t\t\t<img decoding=\"async\" src=\"https:\/\/esencanhastanesi.com.tr\/wp-content\/themes\/esencan-hastanesi\/assets\/img\/gray-arrow.svg\" alt=\"\" class=\"accordion-arrow\">\n\t\t\t\t<span class=\"accordion-title\">\u00d6ss Insurance<\/span>\n\t\t\t<\/div>\n\t\t\t<span class=\"accordion-number\">02<\/span>\n\n\t\t<\/div>\n\t\t<div class=\"accordion-content\">\n\t\t\t<ul>\n<li>\n<p data-path-to-node=\"1,0,0\"><b data-path-to-node=\"1,0,0\" data-index-in-node=\"0\">ACNTURK INSURANCE<\/b><\/p>\n<\/li>\n<li>\n<p data-path-to-node=\"1,1,0\"><b data-path-to-node=\"1,1,0\" data-index-in-node=\"0\">AK INSURANCE<\/b><\/p>\n<\/li>\n<li>\n<p data-path-to-node=\"1,2,0\"><b data-path-to-node=\"1,2,0\" data-index-in-node=\"0\">ALLIANZ INSURANCE<\/b><\/p>\n<\/li>\n<li>\n<p data-path-to-node=\"1,3,0\"><b data-path-to-node=\"1,3,0\" data-index-in-node=\"0\">ANA INSURANCE<\/b><\/p>\n<\/li>\n<li>\n<p data-path-to-node=\"1,4,0\"><b data-path-to-node=\"1,4,0\" data-index-in-node=\"0\">ANADOLU INSURANCE<\/b><\/p>\n<\/li>\n<li>\n<p data-path-to-node=\"1,5,0\"><b data-path-to-node=\"1,5,0\" data-index-in-node=\"0\">ANKARA INSURANCE<\/b><\/p>\n<\/li>\n<li>\n<p data-path-to-node=\"1,6,0\"><b data-path-to-node=\"1,6,0\" data-index-in-node=\"0\">AXA INSURANCE<\/b><\/p>\n<\/li>\n<li>\n<p data-path-to-node=\"1,7,0\"><b data-path-to-node=\"1,7,0\" data-index-in-node=\"0\">BUPA ACIBADEM INSURANCE<\/b><\/p>\n<\/li>\n<li>\n<p data-path-to-node=\"1,8,0\"><b data-path-to-node=\"1,8,0\" data-index-in-node=\"0\">DEMIR HEALTH AND LIFE INSURANCE<\/b><\/p>\n<\/li>\n<li>\n<p data-path-to-node=\"1,9,0\"><b data-path-to-node=\"1,9,0\" data-index-in-node=\"0\">DO\u011eA INSURANCE<\/b><\/p>\n<\/li>\n<li>\n<p data-path-to-node=\"1,10,0\"><b data-path-to-node=\"1,10,0\" data-index-in-node=\"0\">EMAA INSURANCE<\/b><\/p>\n<\/li>\n<li>\n<p data-path-to-node=\"1,11,0\"><b data-path-to-node=\"1,11,0\" data-index-in-node=\"0\">ETHICA INSURANCE<\/b><\/p>\n<\/li>\n<li>\n<p data-path-to-node=\"1,12,0\"><b data-path-to-node=\"1,12,0\" data-index-in-node=\"0\">EUROCROSS TURKEY<\/b><\/p>\n<\/li>\n<li>\n<p data-path-to-node=\"1,13,0\"><b data-path-to-node=\"1,13,0\" data-index-in-node=\"0\">EUREKO INSURANCE<\/b><\/p>\n<\/li>\n<li>\n<p data-path-to-node=\"1,14,0\"><b data-path-to-node=\"1,14,0\" data-index-in-node=\"0\">FIBA RETIREMENT<\/b><\/p>\n<\/li>\n<li>\n<p data-path-to-node=\"1,15,0\"><b data-path-to-node=\"1,15,0\" data-index-in-node=\"0\">GENERALI INSURANCE<\/b><\/p>\n<\/li>\n<li>\n<p data-path-to-node=\"1,16,0\"><b data-path-to-node=\"1,16,0\" data-index-in-node=\"0\">GIG INSURANCE<\/b><\/p>\n<\/li>\n<li>\n<p data-path-to-node=\"1,17,0\"><b data-path-to-node=\"1,17,0\" data-index-in-node=\"0\">GROUPAMA INSURANCE<\/b><\/p>\n<\/li>\n<li>\n<p data-path-to-node=\"1,18,0\"><b data-path-to-node=\"1,18,0\" data-index-in-node=\"0\">HDI INSURANCE<\/b><\/p>\n<\/li>\n<li>\n<p data-path-to-node=\"1,19,0\"><b data-path-to-node=\"1,19,0\" data-index-in-node=\"0\">HEPIYI INSURANCE<\/b><\/p>\n<\/li>\n<li>\n<p data-path-to-node=\"1,20,0\"><b data-path-to-node=\"1,20,0\" data-index-in-node=\"0\">KATILIM RETIREMENT INSURANCE<\/b><\/p>\n<\/li>\n<li>\n<p data-path-to-node=\"1,21,0\"><b data-path-to-node=\"1,21,0\" data-index-in-node=\"0\">MAGDEBURGER INSURANCE<\/b><\/p>\n<\/li>\n<li>\n<p data-path-to-node=\"1,22,0\"><b data-path-to-node=\"1,22,0\" data-index-in-node=\"0\">MAPFRE INSURANCE<\/b><\/p>\n<\/li>\n<li>\n<p data-path-to-node=\"1,23,0\"><b data-path-to-node=\"1,23,0\" data-index-in-node=\"0\">MAYDAY<\/b><\/p>\n<\/li>\n<li>\n<p data-path-to-node=\"1,24,0\"><b data-path-to-node=\"1,24,0\" data-index-in-node=\"0\">METLIFE RETIREMENT AND LIFE INSURANCE<\/b><\/p>\n<\/li>\n<li>\n<p data-path-to-node=\"1,25,0\"><b data-path-to-node=\"1,25,0\" data-index-in-node=\"0\">NEO KATILIM INSURANCE<\/b><\/p>\n<\/li>\n<li>\n<p data-path-to-node=\"1,26,0\"><b data-path-to-node=\"1,26,0\" data-index-in-node=\"0\">NN LIFE RETIREMENT INSURANCE<\/b><\/p>\n<\/li>\n<li>\n<p data-path-to-node=\"1,27,0\"><b data-path-to-node=\"1,27,0\" data-index-in-node=\"0\">QNB INSURANCE<\/b><\/p>\n<\/li>\n<li>\n<p data-path-to-node=\"1,28,0\"><b data-path-to-node=\"1,28,0\" data-index-in-node=\"0\">QUICK INSURANCE<\/b><\/p>\n<\/li>\n<li>\n<p data-path-to-node=\"1,29,0\"><b data-path-to-node=\"1,29,0\" data-index-in-node=\"0\">RAY INSURANCE<\/b><\/p>\n<\/li>\n<li>\n<p data-path-to-node=\"1,30,0\"><b data-path-to-node=\"1,30,0\" data-index-in-node=\"0\">REMED ASSISTANCE<\/b><\/p>\n<\/li>\n<li>\n<p data-path-to-node=\"1,31,0\"><b data-path-to-node=\"1,31,0\" data-index-in-node=\"0\">SOMPO INSURANCE<\/b><\/p>\n<\/li>\n<li>\n<p data-path-to-node=\"1,32,0\"><b data-path-to-node=\"1,32,0\" data-index-in-node=\"0\">TBMM INSURANCE<\/b><\/p>\n<\/li>\n<li>\n<p data-path-to-node=\"1,33,0\"><b data-path-to-node=\"1,33,0\" data-index-in-node=\"0\">TURK NIPPON INSURANCE<\/b><\/p>\n<\/li>\n<li>\n<p data-path-to-node=\"1,34,0\"><b data-path-to-node=\"1,34,0\" data-index-in-node=\"0\">TURKEY INSURANCE<\/b><\/p>\n<\/li>\n<li>\n<p data-path-to-node=\"1,35,0\"><b data-path-to-node=\"1,35,0\" data-index-in-node=\"0\">TURKEY KATILIM LIFE INSURANCE<\/b><\/p>\n<\/li>\n<li>\n<p data-path-to-node=\"1,36,0\"><b data-path-to-node=\"1,36,0\" data-index-in-node=\"0\">UNICO INSURANCE<\/b><\/p>\n<\/li>\n<li>\n<p data-path-to-node=\"1,37,0\"><b data-path-to-node=\"1,37,0\" data-index-in-node=\"0\">ZURICH INSURANCE<\/b><\/p>\n<\/li>\n<\/ul>\n\t\t<\/div>\n\t<\/div>\n\t\t<div class=\"accordion-item\">\n\t\t<div class=\"accordion-header\">\n\t\t\t<div class=\"title-left\">\n\t\t\t\t<img decoding=\"async\" src=\"https:\/\/esencanhastanesi.com.tr\/wp-content\/themes\/esencan-hastanesi\/assets\/img\/gray-arrow.svg\" alt=\"\" class=\"accordion-arrow\">\n\t\t\t\t<span class=\"accordion-title\">EDUCATIONAL INSTITUTIONS<\/span>\n\t\t\t<\/div>\n\t\t\t<span class=\"accordion-number\">03<\/span>\n\n\t\t<\/div>\n\t\t<div class=\"accordion-content\">\n\t\t\t<ul>\n<li>\n<p data-path-to-node=\"1,0,0\"><b data-path-to-node=\"1,0,0\" data-index-in-node=\"0\">ABDULKAD\u0130R AKSU ANATOLIAN HIGH SCHOOL<\/b><\/p>\n<\/li>\n<li>\n<p data-path-to-node=\"1,1,0\"><b data-path-to-node=\"1,1,0\" data-index-in-node=\"0\">A\u00c7I COLLEGES<\/b><\/p>\n<\/li>\n<li>\n<p data-path-to-node=\"1,2,0\"><b data-path-to-node=\"1,2,0\" data-index-in-node=\"0\">AL\u0130 FUAT \u00dcST\u00dcN PRIMARY SCHOOL<\/b><\/p>\n<\/li>\n<li>\n<p data-path-to-node=\"1,3,0\"><b data-path-to-node=\"1,3,0\" data-index-in-node=\"0\">AL\u0130 KUL ANATOLIAN HIGH SCHOOL<\/b><\/p>\n<\/li>\n<li>\n<p data-path-to-node=\"1,4,0\"><b data-path-to-node=\"1,4,0\" data-index-in-node=\"0\">ARDAHAN \u00c7OBANLI VILLAGE ASSOCIATION<\/b><\/p>\n<\/li>\n<li>\n<p data-path-to-node=\"1,5,0\"><b data-path-to-node=\"1,5,0\" data-index-in-node=\"0\">ASFEN SCHOOLS<\/b><\/p>\n<\/li>\n<li>\n<p data-path-to-node=\"1,6,0\"><b data-path-to-node=\"1,6,0\" data-index-in-node=\"0\">B\u0130R D\u00dcNYA COLLEGE<\/b><\/p>\n<\/li>\n<li>\n<p data-path-to-node=\"1,7,0\"><b data-path-to-node=\"1,7,0\" data-index-in-node=\"0\">B\u0130R\u0130K\u0130M SCHOOLS<\/b><\/p>\n<\/li>\n<li>\n<p data-path-to-node=\"1,8,0\"><b data-path-to-node=\"1,8,0\" data-index-in-node=\"0\">BO\u011eAZ\u0130\u00c7\u0130 FOUNDATION HIGH SCHOOLS<\/b><\/p>\n<\/li>\n<li>\n<p data-path-to-node=\"1,9,0\"><b data-path-to-node=\"1,9,0\" data-index-in-node=\"0\">DO\u011eA COLLEGE<\/b><\/p>\n<\/li>\n<li>\n<p data-path-to-node=\"1,10,0\"><b data-path-to-node=\"1,10,0\" data-index-in-node=\"0\">ESENKENT ATAT\u00dcRK PRIMARY SCHOOL<\/b><\/p>\n<\/li>\n<li>\n<p data-path-to-node=\"1,11,0\"><b data-path-to-node=\"1,11,0\" data-index-in-node=\"0\">F\u0130K\u0130R SCHOOL<\/b><\/p>\n<\/li>\n<li>\n<p data-path-to-node=\"1,12,0\"><b data-path-to-node=\"1,12,0\" data-index-in-node=\"0\">HAL\u0130L AKKANAT MULTI-PROGRAM HIGH SCHOOL<\/b><\/p>\n<\/li>\n<li>\n<p data-path-to-node=\"1,13,0\"><b data-path-to-node=\"1,13,0\" data-index-in-node=\"0\">ISTANBUL INTERNATIONAL COMMUNITY SCHOOL<\/b><\/p>\n<\/li>\n<li>\n<p data-path-to-node=\"1,14,0\"><b data-path-to-node=\"1,14,0\" data-index-in-node=\"0\">KAVRAM COLLEGE<\/b><\/p>\n<\/li>\n<li>\n<p data-path-to-node=\"1,15,0\"><b data-path-to-node=\"1,15,0\" data-index-in-node=\"0\">KIR\u015eEH\u0130R \u00c7\u0130\u00c7EKDA\u011eI ASSOCIATION<\/b><\/p>\n<\/li>\n<li>\n<p data-path-to-node=\"1,16,0\"><b data-path-to-node=\"1,16,0\" data-index-in-node=\"0\">KUTLU B\u0130LG\u0130 EDUCATION<\/b><\/p>\n<\/li>\n<li>\n<p data-path-to-node=\"1,17,0\"><b data-path-to-node=\"1,17,0\" data-index-in-node=\"0\">MAH\u0130R QUALITY EDUCATION<\/b><\/p>\n<\/li>\n<li>\n<p data-path-to-node=\"1,18,0\"><b data-path-to-node=\"1,18,0\" data-index-in-node=\"0\">MODERN EDUCATION COLLEGE<\/b><\/p>\n<\/li>\n<li>\n<p data-path-to-node=\"1,19,0\"><b data-path-to-node=\"1,19,0\" data-index-in-node=\"0\">NECLA G\u00d6RER PRIMARY SCHOOL<\/b><\/p>\n<\/li>\n<li>\n<p data-path-to-node=\"1,20,0\"><b data-path-to-node=\"1,20,0\" data-index-in-node=\"0\">OKAN BOUTIQUE EDUCATION<\/b><\/p>\n<\/li>\n<li>\n<p data-path-to-node=\"1,21,0\"><b data-path-to-node=\"1,21,0\" data-index-in-node=\"0\">OKYANUS EDUCATIONAL INSTITUTIONS<\/b><\/p>\n<\/li>\n<li>\n<p data-path-to-node=\"1,22,0\"><b data-path-to-node=\"1,22,0\" data-index-in-node=\"0\">PRIVATE C\u0130HANG\u0130R SCHOOLS<\/b><\/p>\n<\/li>\n<li>\n<p data-path-to-node=\"1,23,0\"><b data-path-to-node=\"1,23,0\" data-index-in-node=\"0\">PRIVATE RUMEL\u0130 SCHOOLS<\/b><\/p>\n<\/li>\n<li>\n<p data-path-to-node=\"1,24,0\"><b data-path-to-node=\"1,24,0\" data-index-in-node=\"0\">SER\u0130N\u00c7AYIR ASSOCIATION<\/b><\/p>\n<\/li>\n<li>\n<p data-path-to-node=\"1,25,0\"><b data-path-to-node=\"1,25,0\" data-index-in-node=\"0\">SEV\u0130M \u00c7UHADARO\u011eLU PRIMARY SCHOOL<\/b><\/p>\n<\/li>\n<li>\n<p data-path-to-node=\"1,26,0\"><b data-path-to-node=\"1,26,0\" data-index-in-node=\"0\">SEY\u0130THAN \u0130ZS\u0130Z PRIMARY SCHOOL<\/b><\/p>\n<\/li>\n<li>\n<p data-path-to-node=\"1,27,0\"><b data-path-to-node=\"1,27,0\" data-index-in-node=\"0\">TAMER \u00d6ZYURT PRIMARY SCHOOL<\/b><\/p>\n<\/li>\n<li>\n<p data-path-to-node=\"1,28,0\"><b data-path-to-node=\"1,28,0\" data-index-in-node=\"0\">TOKAT Z\u0130LE EM\u0130RDOLU ASSOCIATION<\/b><\/p>\n<\/li>\n<li>\n<p data-path-to-node=\"1,29,0\"><b data-path-to-node=\"1,29,0\" data-index-in-node=\"0\">TOK\u0130 AL\u0130 DURAN HIGH SCHOOL<\/b><\/p>\n<\/li>\n<li>\n<p data-path-to-node=\"1,30,0\"><b data-path-to-node=\"1,30,0\" data-index-in-node=\"0\">TOPKAPI SCHOOLS<\/b><\/p>\n<\/li>\n<li>\n<p data-path-to-node=\"1,31,0\"><b data-path-to-node=\"1,31,0\" data-index-in-node=\"0\">U\u011eUR SCHOOLS<\/b><\/p>\n<\/li>\n<li>\n<p data-path-to-node=\"1,32,0\"><b data-path-to-node=\"1,32,0\" data-index-in-node=\"0\">V\u0130ZYON COLLEGE<\/b><\/p>\n<\/li>\n<\/ul>\n\t\t<\/div>\n\t<\/div>\n\t\t<div class=\"accordion-item\">\n\t\t<div class=\"accordion-header\">\n\t\t\t<div class=\"title-left\">\n\t\t\t\t<img decoding=\"async\" src=\"https:\/\/esencanhastanesi.com.tr\/wp-content\/themes\/esencan-hastanesi\/assets\/img\/gray-arrow.svg\" alt=\"\" class=\"accordion-arrow\">\n\t\t\t\t<span class=\"accordion-title\">PHARMACEUTICAL COMPANIES<\/span>\n\t\t\t<\/div>\n\t\t\t<span class=\"accordion-number\">04<\/span>\n\n\t\t<\/div>\n\t\t<div class=\"accordion-content\">\n\t\t\t<ul>\n<li>\n<p data-path-to-node=\"1,0,0\"><b data-path-to-node=\"1,0,0\" data-index-in-node=\"0\">ABD\u0130 \u0130BRAH\u0130M PHARMACEUTICAL IND. TRADE INC.<\/b><\/p>\n<\/li>\n<li>\n<p data-path-to-node=\"1,1,0\"><b data-path-to-node=\"1,1,0\" data-index-in-node=\"0\">DEVA PHARMACEUTICALS<\/b><\/p>\n<\/li>\n<li>\n<p data-path-to-node=\"1,2,0\"><b data-path-to-node=\"1,2,0\" data-index-in-node=\"0\">SEL\u00c7UK PHARMACEUTICAL WAREHOUSE<\/b><\/p>\n<\/li>\n<\/ul>\n\t\t<\/div>\n\t<\/div>\n\t\t<div class=\"accordion-item\">\n\t\t<div class=\"accordion-header\">\n\t\t\t<div class=\"title-left\">\n\t\t\t\t<img decoding=\"async\" src=\"https:\/\/esencanhastanesi.com.tr\/wp-content\/themes\/esencan-hastanesi\/assets\/img\/gray-arrow.svg\" alt=\"\" class=\"accordion-arrow\">\n\t\t\t\t<span class=\"accordion-title\">UNIONS &#038; BANKS<\/span>\n\t\t\t<\/div>\n\t\t\t<span class=\"accordion-number\">05<\/span>\n\n\t\t<\/div>\n\t\t<div class=\"accordion-content\">\n\t\t\t<p data-path-to-node=\"0\">\n<ul data-path-to-node=\"1\">\n<li>\n<p data-path-to-node=\"1,0,0\"><b data-path-to-node=\"1,0,0\" data-index-in-node=\"0\">E\u011e\u0130T\u0130M B\u0130R SEN<\/b><\/p>\n<\/li>\n<li>\n<p data-path-to-node=\"1,1,0\"><b data-path-to-node=\"1,1,0\" data-index-in-node=\"0\">FORTIS BANK<\/b><\/p>\n<\/li>\n<li>\n<p data-path-to-node=\"1,2,0\"><b data-path-to-node=\"1,2,0\" data-index-in-node=\"0\">T.C Ziraat Bankas\u0131 A.\u015e ve T.Halk Bankas\u0131 A.\u015e Mensuplar\u0131 Emekli ve Yard\u0131m Sand\u0131\u011f\u0131 Vakf\u0131<\/b><\/p>\n<\/li>\n<li>\n<p data-path-to-node=\"1,3,0\"><b data-path-to-node=\"1,3,0\" data-index-in-node=\"0\">TES \u0130\u015e UNION<\/b><\/p>\n<\/li>\n<li>\n<p data-path-to-node=\"1,4,0\"><b data-path-to-node=\"1,4,0\" data-index-in-node=\"0\">TURK TELEKOM HEALTH AND AID FOUNDATION<\/b><\/p>\n<\/li>\n<li>\n<p data-path-to-node=\"1,5,0\"><b data-path-to-node=\"1,5,0\" data-index-in-node=\"0\">TURKISH FOUNDATIONS BANK T.A.O. CIVIL SERVANTS AND SERVANTS RETIREMENT AND HEALTH AID FUND FOUNDATION<\/b><\/p>\n<\/li>\n<li>\n<p data-path-to-node=\"1,6,0\"><b data-path-to-node=\"1,6,0\" data-index-in-node=\"0\">T\u00dcRK E\u011e\u0130T\u0130M-SEN<\/b><\/p>\n<\/li>\n<li>\n<p data-path-to-node=\"1,7,0\"><b data-path-to-node=\"1,7,0\" data-index-in-node=\"0\">T\u00fcrkiye Halk Bankas\u0131 A.\u015e. Emekli Sand\u0131\u011f\u0131 Vakf\u0131<\/b><\/p>\n<\/li>\n<\/ul>\n\t\t<\/div>\n\t<\/div>\n\t\t<div class=\"accordion-item\">\n\t\t<div class=\"accordion-header\">\n\t\t\t<div class=\"title-left\">\n\t\t\t\t<img decoding=\"async\" src=\"https:\/\/esencanhastanesi.com.tr\/wp-content\/themes\/esencan-hastanesi\/assets\/img\/gray-arrow.svg\" alt=\"\" class=\"accordion-arrow\">\n\t\t\t\t<span class=\"accordion-title\">ASSISTANCE COMPANIES<\/span>\n\t\t\t<\/div>\n\t\t\t<span class=\"accordion-number\"><\/span>\n\n\t\t<\/div>\n\t\t<div class=\"accordion-content\">\n\t\t\t<ul>\n<li><strong>BENEFIT GLOBAL ASSISTANCE DANI\u015eMANLIK H\u0130ZMETLER\u0130 A.\u015e.<\/strong><\/li>\n<li><strong>TURASSIST SA\u011eLIK DESTEK H\u0130ZMETLER\u0130 A.\u015e<\/strong><\/li>\n<li><strong>.SENCARD\u00a0PARTNERS<\/strong><\/li>\n<\/ul>\n\t\t<\/div>\n\t<\/div>\n\t\t<div class=\"accordion-item\">\n\t\t<div class=\"accordion-header\">\n\t\t\t<div class=\"title-left\">\n\t\t\t\t<img decoding=\"async\" src=\"https:\/\/esencanhastanesi.com.tr\/wp-content\/themes\/esencan-hastanesi\/assets\/img\/gray-arrow.svg\" alt=\"\" class=\"accordion-arrow\">\n\t\t\t\t<span class=\"accordion-title\">ASSOCIATIONS AND CHAMBERS<\/span>\n\t\t\t<\/div>\n\t\t\t<span class=\"accordion-number\">06<\/span>\n\n\t\t<\/div>\n\t\t<div class=\"accordion-content\">\n\t\t\t<ul>\n<li>\n<p data-path-to-node=\"1,0,0\"><b data-path-to-node=\"1,0,0\" data-index-in-node=\"0\">ARDAHAN \u00c7ILDIR AKK\u0130RAZ VILLAGE ASSOCIATION<\/b><\/p>\n<\/li>\n<li>\n<p data-path-to-node=\"1,1,0\"><b data-path-to-node=\"1,1,0\" data-index-in-node=\"0\">ARDAHAN CULTURE HOUSE<\/b><\/p>\n<\/li>\n<li>\n<p data-path-to-node=\"1,2,0\"><b data-path-to-node=\"1,2,0\" data-index-in-node=\"0\">ARDAHAN HO\u00c7 HASK\u00d6Y ASSOCIATION<\/b><\/p>\n<\/li>\n<li>\n<p data-path-to-node=\"1,3,0\"><b data-path-to-node=\"1,3,0\" data-index-in-node=\"0\">BALKAN IMMIGRANTS ASSOCIATION<\/b><\/p>\n<\/li>\n<li>\n<p data-path-to-node=\"1,4,0\"><b data-path-to-node=\"1,4,0\" data-index-in-node=\"0\">BEYS\u0130AD<\/b><\/p>\n<\/li>\n<li>\n<p data-path-to-node=\"1,5,0\"><b data-path-to-node=\"1,5,0\" data-index-in-node=\"0\">B\u0130NG\u00d6L PROVINCE AND DISTRICTS ASSOCIATION<\/b><\/p>\n<\/li>\n<li>\n<p data-path-to-node=\"1,6,0\"><b data-path-to-node=\"1,6,0\" data-index-in-node=\"0\">BULGARIAN IMMIGRANTS ASSOCIATION<\/b><\/p>\n<\/li>\n<li>\n<p data-path-to-node=\"1,7,0\"><b data-path-to-node=\"1,7,0\" data-index-in-node=\"0\">\u00c7ARDAKLI VILLAGE ASSOCIATION<\/b><\/p>\n<\/li>\n<li>\n<p data-path-to-node=\"1,8,0\"><b data-path-to-node=\"1,8,0\" data-index-in-node=\"0\">\u00c7ATALPINAR ASSOCIATION<\/b><\/p>\n<\/li>\n<li>\n<p data-path-to-node=\"1,9,0\"><b data-path-to-node=\"1,9,0\" data-index-in-node=\"0\">DERS\u0130ML\u0130LER ASSOCIATION<\/b><\/p>\n<\/li>\n<li>\n<p data-path-to-node=\"1,10,0\"><b data-path-to-node=\"1,10,0\" data-index-in-node=\"0\">D\u0130SK GENERAL SERVICES WORKERS UNION (D\u0130SK GENEL-\u0130\u015e)<\/b><\/p>\n<\/li>\n<li>\n<p data-path-to-node=\"1,11,0\"><b data-path-to-node=\"1,11,0\" data-index-in-node=\"0\">ELAZI\u011e DEVELOPMENT ASSOCIATION<\/b><\/p>\n<\/li>\n<li>\n<p data-path-to-node=\"1,12,0\"><b data-path-to-node=\"1,12,0\" data-index-in-node=\"0\">ERZURUM A\u015eKALE ASSOCIATION<\/b><\/p>\n<\/li>\n<li>\n<p data-path-to-node=\"1,13,0\"><b data-path-to-node=\"1,13,0\" data-index-in-node=\"0\">ESENYURT I\u011eDIRLILAR ASSOCIATION<\/b><\/p>\n<\/li>\n<li>\n<p data-path-to-node=\"1,14,0\"><b data-path-to-node=\"1,14,0\" data-index-in-node=\"0\">ESENYURT MINIBUS DRIVERS ASSOCIATION<\/b><\/p>\n<\/li>\n<li>\n<p data-path-to-node=\"1,15,0\"><b data-path-to-node=\"1,15,0\" data-index-in-node=\"0\">ESENYURT R\u0130ZEL\u0130LER ASSOCIATION<\/b><\/p>\n<\/li>\n<li>\n<p data-path-to-node=\"1,16,0\"><b data-path-to-node=\"1,16,0\" data-index-in-node=\"0\">ESENYURT TRAKYALILAR ASSOCIATION<\/b><\/p>\n<\/li>\n<li>\n<p data-path-to-node=\"1,17,0\"><b data-path-to-node=\"1,17,0\" data-index-in-node=\"0\">G\u00d6LE ASSOCIATION<\/b><\/p>\n<\/li>\n<li>\n<p data-path-to-node=\"1,18,0\"><b data-path-to-node=\"1,18,0\" data-index-in-node=\"0\">G\u00dcM\u00dc\u015eHANEL\u0130LER ASSOCIATION<\/b><\/p>\n<\/li>\n<li>\n<p data-path-to-node=\"1,19,0\"><b data-path-to-node=\"1,19,0\" data-index-in-node=\"0\">HAMZAGEREK VILLAGE ASSOCIATION<\/b><\/p>\n<\/li>\n<li>\n<p data-path-to-node=\"1,20,0\"><b data-path-to-node=\"1,20,0\" data-index-in-node=\"0\">H\u0130ZMET-\u0130\u015e UNION (ALL MUNICIPAL AND GENERAL SERVICES WORKERS UNION)<\/b><\/p>\n<\/li>\n<li>\n<p data-path-to-node=\"1,21,0\"><b data-path-to-node=\"1,21,0\" data-index-in-node=\"0\">\u0130S\u0130YAD<\/b><\/p>\n<\/li>\n<li>\n<p data-path-to-node=\"1,22,0\"><b data-path-to-node=\"1,22,0\" data-index-in-node=\"0\">KEVSER ASSOCIATION<\/b><\/p>\n<\/li>\n<li>\n<p data-path-to-node=\"1,23,0\"><b data-path-to-node=\"1,23,0\" data-index-in-node=\"0\">KORGAN \u00c7\u0130FTL\u0130K CULTURE ASSOCIATION<\/b><\/p>\n<\/li>\n<li>\n<p data-path-to-node=\"1,24,0\"><b data-path-to-node=\"1,24,0\" data-index-in-node=\"0\">MALATYA KOZLUCALILAR ASSOCIATION<\/b><\/p>\n<\/li>\n<li>\n<p data-path-to-node=\"1,25,0\"><b data-path-to-node=\"1,25,0\" data-index-in-node=\"0\">MU\u015e PROVINCE AND DISTRICTS ASSOCIATION<\/b><\/p>\n<\/li>\n<li>\n<p data-path-to-node=\"1,26,0\"><b data-path-to-node=\"1,26,0\" data-index-in-node=\"0\">ORDU AYBASTI ASSOCIATION<\/b><\/p>\n<\/li>\n<li>\n<p data-path-to-node=\"1,27,0\"><b data-path-to-node=\"1,27,0\" data-index-in-node=\"0\">ORDU AYBASTI PEL\u0130T\u00d6Z\u00dc ASSOCIATION<\/b><\/p>\n<\/li>\n<li>\n<p data-path-to-node=\"1,28,0\"><b data-path-to-node=\"1,28,0\" data-index-in-node=\"0\">ORDU I\u015eIKTEPE ASSOCIATION<\/b><\/p>\n<\/li>\n<li>\n<p data-path-to-node=\"1,29,0\"><b data-path-to-node=\"1,29,0\" data-index-in-node=\"0\">ORDU KABATA\u015eLILAR ASSOCIATION<\/b><\/p>\n<\/li>\n<li>\n<p data-path-to-node=\"1,30,0\"><b data-path-to-node=\"1,30,0\" data-index-in-node=\"0\">ORDU PROVINCE AYBASTI DISTRICT BE\u015eTAM VILLAGE ASSOCIATION<\/b><\/p>\n<\/li>\n<li>\n<p data-path-to-node=\"1,31,0\"><b data-path-to-node=\"1,31,0\" data-index-in-node=\"0\">ORDU PROVINCE KUMRU DISTRICT ORTACA VILLAGE ASSOCIATION<\/b><\/p>\n<\/li>\n<li>\n<p data-path-to-node=\"1,32,0\"><b data-path-to-node=\"1,32,0\" data-index-in-node=\"0\">SAMSUN ALA\u00c7AM ASSOCIATION<\/b><\/p>\n<\/li>\n<li>\n<p data-path-to-node=\"1,33,0\"><b data-path-to-node=\"1,33,0\" data-index-in-node=\"0\">SAMSUN HAVZALILAR ASSOCIATION<\/b><\/p>\n<\/li>\n<li>\n<p data-path-to-node=\"1,34,0\"><b data-path-to-node=\"1,34,0\" data-index-in-node=\"0\">SAMSUN LAD\u0130K AKYAR VILLAGE ASSOCIATION<\/b><\/p>\n<\/li>\n<li>\n<p data-path-to-node=\"1,35,0\"><b data-path-to-node=\"1,35,0\" data-index-in-node=\"0\">S\u0130VAS \u0130MRANLI TOPALLAR VILLAGE SOCIAL ASSISTANCE AND CULTURE ASSOCIATION<\/b><\/p>\n<\/li>\n<li>\n<p data-path-to-node=\"1,36,0\"><b data-path-to-node=\"1,36,0\" data-index-in-node=\"0\">TOKAT ASSOCIATIONS FEDERATION<\/b><\/p>\n<\/li>\n<li>\n<p data-path-to-node=\"1,37,0\"><b data-path-to-node=\"1,37,0\" data-index-in-node=\"0\">TOKAT Z\u0130LE KUZALAN VILLAGE<\/b><\/p>\n<\/li>\n<li>\n<p data-path-to-node=\"1,38,0\"><b data-path-to-node=\"1,38,0\" data-index-in-node=\"0\">TOKAT Z\u0130LE \u00dc\u00c7KAYA VILLAGE ASSOCIATION<\/b><\/p>\n<\/li>\n<li>\n<p data-path-to-node=\"1,39,0\"><b data-path-to-node=\"1,39,0\" data-index-in-node=\"0\">VAN BAH\u00c7ESARAY ASSOCIATION<\/b><\/p>\n<\/li>\n<li>\n<p data-path-to-node=\"1,40,0\"><b data-path-to-node=\"1,40,0\" data-index-in-node=\"0\">YOZGAT ASSOCIATIONS FEDERATION<\/b><\/p>\n<\/li>\n<li>\n<p data-path-to-node=\"1,41,0\"><b data-path-to-node=\"1,41,0\" data-index-in-node=\"0\">YOZGAT \u00c7EKEREK \u00c7AKIR VILLAGE ASSOCIATION<\/b><\/p>\n<\/li>\n<li>\n<p data-path-to-node=\"1,42,0\"><b data-path-to-node=\"1,42,0\" data-index-in-node=\"0\">ZONGULDAK KARAELMAS HOMELAND ASSOCIATION<\/b><\/p>\n<\/li>\n<\/ul>\n\t\t<\/div>\n\t<\/div>\n\t\t\n<\/div>","protected":false},"excerpt":{"rendered":"","protected":false},"author":1,"featured_media":0,"parent":0,"menu_order":0,"comment_status":"closed","ping_status":"closed","template":"page-kurumsal.php","meta":{"inline_featured_image":false,"footnotes":""},"class_list":["post-1566","page","type-page","status-publish","hentry"],"acf":[],"_links":{"self":[{"href":"https:\/\/esencanhastanesi.com.tr\/en\/wp-json\/wp\/v2\/pages\/1566","targetHints":{"allow":["GET"]}}],"collection":[{"href":"https:\/\/esencanhastanesi.com.tr\/en\/wp-json\/wp\/v2\/pages"}],"about":[{"href":"https:\/\/esencanhastanesi.com.tr\/en\/wp-json\/wp\/v2\/types\/page"}],"author":[{"embeddable":true,"href":"https:\/\/esencanhastanesi.com.tr\/en\/wp-json\/wp\/v2\/users\/1"}],"replies":[{"embeddable":true,"href":"https:\/\/esencanhastanesi.com.tr\/en\/wp-json\/wp\/v2\/comments?post=1566"}],"version-history":[{"count":17,"href":"https:\/\/esencanhastanesi.com.tr\/en\/wp-json\/wp\/v2\/pages\/1566\/revisions"}],"predecessor-version":[{"id":2415,"href":"https:\/\/esencanhastanesi.com.tr\/en\/wp-json\/wp\/v2\/pages\/1566\/revisions\/2415"}],"wp:attachment":[{"href":"https:\/\/esencanhastanesi.com.tr\/en\/wp-json\/wp\/v2\/media?parent=1566"}],"curies":[{"name":"wp","href":"https:\/\/api.w.org\/{rel}","templated":true}]}}