{"id":1568,"date":"2025-08-06T13:26:43","date_gmt":"2025-08-06T13:26:43","guid":{"rendered":"https:\/\/esencanhastanesi.com.tr\/contact\/"},"modified":"2025-08-26T10:07:52","modified_gmt":"2025-08-26T10:07:52","slug":"contact","status":"publish","type":"page","link":"https:\/\/esencanhastanesi.com.tr\/en\/contact\/","title":{"rendered":"Contact"},"content":{"rendered":"<section class=\"contact-section\">\n\t<div class=\"container\">\n\t\t<div class=\"contact-box\">\n\t\t\t<div class=\"content\">\n\t\t\t\t<div class=\"header-field\">\n\t\t\t\t\t<h3 class=\"subtitle\">Contact Information<\/h3>\n\t\t\t\t\t<div><p>You can contact us regarding our hospital, treatments, or any other matter.<\/p>\n<\/div>\n\t\t\t\t<\/div>\n\t\t\t\t<div class=\"contact-options\">\n\t\t\t\t\t\t\t\t\t\t\t\t\t\t\t<div class=\"option\">\n\t\t\t\t\t\t<img loading=\"lazy\" decoding=\"async\" width=\"25\" height=\"32\" src=\"https:\/\/esencanhastanesi.com.tr\/wp-content\/uploads\/2025\/08\/contact-options-img.svg\" class=\"attachment-full size-full\" alt=\"\" \/>\t\t\t\t\t\t<div class=\"text\">\n\t\t\t\t\t\t\t<h4>ADDRESS<\/h4>\n\t\t\t\t\t\t\t<div><p>Ba\u011flar\u00e7e\u015fme District, 19 May\u0131s Boulevard No:18 Esenyurt \/ ISTANBUL <\/p>\n<\/div>\n\t\t\t\t\t\t<\/div>\n\t\t\t\t\t<\/div>\n\t\t\t\t\t\t\t\t\t\t<div class=\"option\">\n\t\t\t\t\t\t<img loading=\"lazy\" decoding=\"async\" width=\"1\" height=\"1\" src=\"https:\/\/esencanhastanesi.com.tr\/wp-content\/uploads\/2025\/08\/call-center.svg\" class=\"attachment-full size-full\" alt=\"\" \/>\t\t\t\t\t\t<div class=\"text\">\n\t\t\t\t\t\t\t<h4>CALL CENTER<\/h4>\n\t\t\t\t\t\t\t<div><p>444 0 212<\/p>\n<\/div>\n\t\t\t\t\t\t<\/div>\n\t\t\t\t\t<\/div>\n\t\t\t\t\t\t\t\t\t\t<div class=\"option\">\n\t\t\t\t\t\t<img loading=\"lazy\" decoding=\"async\" width=\"1\" height=\"1\" src=\"https:\/\/esencanhastanesi.com.tr\/wp-content\/uploads\/2025\/08\/mail.svg\" class=\"attachment-full size-full\" alt=\"\" \/>\t\t\t\t\t\t<div class=\"text\">\n\t\t\t\t\t\t\t<h4>E-MAIL<\/h4>\n\t\t\t\t\t\t\t<div><p>info@esencanhastanesi.com.tr<\/p>\n<\/div>\n\t\t\t\t\t\t<\/div>\n\t\t\t\t\t<\/div>\n\t\t\t\t\t\t\t\t\t\t\t\t\t\t<\/div>\n\t\t\t\t<div class=\"address-thumbnail\">\n\t\t\t\t\t\t\t\t\t\t\t\t\t\t\t<div class=\"item\">\n\t\t\t\t\t\t<h4>Istanbul Sabiha G\u00f6k\u00e7en Airport<\/h4>\n\t\t\t\t\t\t<div class=\"thumbnail\">\t<img loading=\"lazy\" decoding=\"async\" width=\"179\" height=\"508\" src=\"https:\/\/esencanhastanesi.com.tr\/wp-content\/uploads\/2025\/08\/sabiha-1.jpg.png\" class=\"attachment-full size-full\" alt=\"\" srcset=\"https:\/\/esencanhastanesi.com.tr\/wp-content\/uploads\/2025\/08\/sabiha-1.jpg.png 179w, https:\/\/esencanhastanesi.com.tr\/wp-content\/uploads\/2025\/08\/sabiha-1.jpg-106x300.png 106w\" sizes=\"auto, (max-width: 179px) 100vw, 179px\" \/><\/div>\n\t\t\t\t\t<\/div>\n\t\t\t\t\t\t\t\t\t\t<div class=\"item\">\n\t\t\t\t\t\t<h4>Istanbul Airport<\/h4>\n\t\t\t\t\t\t<div class=\"thumbnail\">\t<img loading=\"lazy\" decoding=\"async\" width=\"179\" height=\"336\" src=\"https:\/\/esencanhastanesi.com.tr\/wp-content\/uploads\/2025\/08\/istanbul-havalimani-1.jpg-1.png\" class=\"attachment-full size-full\" alt=\"\" srcset=\"https:\/\/esencanhastanesi.com.tr\/wp-content\/uploads\/2025\/08\/istanbul-havalimani-1.jpg-1.png 179w, https:\/\/esencanhastanesi.com.tr\/wp-content\/uploads\/2025\/08\/istanbul-havalimani-1.jpg-1-160x300.png 160w\" sizes=\"auto, (max-width: 179px) 100vw, 179px\" \/><\/div>\n\t\t\t\t\t<\/div>\n\t\t\t\t\t\t\t\t\t\t<div class=\"item\">\n\t\t\t\t\t\t<h4>Esenler Bus Terminal<\/h4>\n\t\t\t\t\t\t<div class=\"thumbnail\">\t<img loading=\"lazy\" decoding=\"async\" width=\"179\" height=\"380\" src=\"https:\/\/esencanhastanesi.com.tr\/wp-content\/uploads\/2025\/08\/esenler-otogar-1.jpg-1.png\" class=\"attachment-full size-full\" alt=\"\" srcset=\"https:\/\/esencanhastanesi.com.tr\/wp-content\/uploads\/2025\/08\/esenler-otogar-1.jpg-1.png 179w, https:\/\/esencanhastanesi.com.tr\/wp-content\/uploads\/2025\/08\/esenler-otogar-1.jpg-1-141x300.png 141w\" sizes=\"auto, (max-width: 179px) 100vw, 179px\" \/><\/div>\n\t\t\t\t\t<\/div>\n\t\t\t\t\t\t\t\t\t\t\t\t\t\t<\/div>\n\t\t\t<\/div>\n\t\t\t<div class=\"form-field\">\n\t\t\t\t<div class=\"form-box\">\n\t\t\t\t\t<div class=\"title-field\">\n\t\t\t\t\t\t<h3 class=\"subtitle\">Get in Touch with Us!<\/h3>\n\t\t\t\t\t\t<div><p>Please fill out all fields completely so we can assist you better.<\/p>\n<\/div>\n\t\t\t\t\t<\/div>\n\t\t\t\t\t\n<div class=\"wpcf7 no-js\" id=\"wpcf7-f1702-o1\" lang=\"en-US\" dir=\"ltr\" data-wpcf7-id=\"1702\">\n<div class=\"screen-reader-response\"><p role=\"status\" aria-live=\"polite\" aria-atomic=\"true\"><\/p> <ul><\/ul><\/div>\n<form action=\"\/en\/wp-json\/wp\/v2\/pages\/1568#wpcf7-f1702-o1\" method=\"post\" class=\"wpcf7-form init\" aria-label=\"Contact form\" novalidate=\"novalidate\" data-status=\"init\">\n<fieldset class=\"hidden-fields-container\"><input type=\"hidden\" name=\"_wpcf7\" value=\"1702\" \/><input type=\"hidden\" name=\"_wpcf7_version\" value=\"6.1.1\" \/><input type=\"hidden\" name=\"_wpcf7_locale\" value=\"en_US\" \/><input type=\"hidden\" name=\"_wpcf7_unit_tag\" value=\"wpcf7-f1702-o1\" \/><input type=\"hidden\" name=\"_wpcf7_container_post\" value=\"0\" \/><input type=\"hidden\" name=\"_wpcf7_posted_data_hash\" value=\"\" \/>\n<\/fieldset>\n<div class=\"form-group\">\n\t<p><label for=\"subject\">Subject<\/label><br \/>\n<span class=\"wpcf7-form-control-wrap\" data-name=\"subject\"><select class=\"wpcf7-form-control wpcf7-select\" aria-invalid=\"false\" name=\"subject\"><option value=\"Select Subject\">Select Subject<\/option><option value=\"Treatment\">Treatment<\/option><option value=\"Appointment\">Appointment<\/option><option value=\"Other\">Other<\/option><\/select><\/span>\n\t<\/p>\n<\/div>\n<div class=\"form-group\">\n\t<p><label for=\"name\">Your Name<\/label><br \/>\n<span class=\"wpcf7-form-control-wrap\" data-name=\"your-name\"><input size=\"40\" maxlength=\"400\" class=\"wpcf7-form-control wpcf7-text form-input\" id=\"name\" aria-invalid=\"false\" placeholder=\"Your Name\" value=\"\" type=\"text\" name=\"your-name\" \/><\/span>\n\t<\/p>\n<\/div>\n<div class=\"form-group\">\n\t<p><label for=\"tel\">Phone Number<\/label><br \/>\n<span class=\"wpcf7-form-control-wrap\" data-name=\"tel\"><input size=\"40\" maxlength=\"400\" class=\"wpcf7-form-control wpcf7-tel wpcf7-text wpcf7-validates-as-tel form-input\" id=\"tel\" aria-invalid=\"false\" placeholder=\"Phone Number\" value=\"\" type=\"tel\" name=\"tel\" \/><\/span>\n\t<\/p>\n<\/div>\n<div class=\"form-group\">\n\t<p><label for=\"email\">Email<\/label><br \/>\n<span class=\"wpcf7-form-control-wrap\" data-name=\"email\"><input size=\"40\" maxlength=\"400\" class=\"wpcf7-form-control wpcf7-email wpcf7-text wpcf7-validates-as-email form-input\" id=\"email\" aria-invalid=\"false\" placeholder=\"Email\" value=\"\" type=\"email\" name=\"email\" \/><\/span>\n\t<\/p>\n<\/div>\n<div class=\"form-group\">\n\t<p><label for=\"message\">Your Message<\/label><br \/>\n<span class=\"wpcf7-form-control-wrap\" data-name=\"message\"><textarea cols=\"40\" rows=\"10\" maxlength=\"2000\" class=\"wpcf7-form-control wpcf7-textarea form-textarea\" id=\"message\" aria-invalid=\"false\" placeholder=\"Your Message\" name=\"message\"><\/textarea><\/span>\n\t<\/p>\n<\/div>\n<p><input class=\"wpcf7-form-control wpcf7-submit has-spinner btn\" type=\"submit\" value=\"Submit Form\" \/>\n<\/p><div class=\"wpcf7-response-output\" aria-hidden=\"true\"><\/div>\n<\/form>\n<\/div>\n\t\t\t\t<\/div>\n\t\t\t\t<div class=\"map-box\">\n\t\t\t\t\t<iframe src=\"https:\/\/www.google.com\/maps\/embed?pb=!1m18!1m12!1m3!1d3009.6280321392865!2d28.674055176419714!3d41.033393171347186!2m3!1f0!2f0!3f0!3m2!1i1024!2i768!4f13.1!3m3!1m2!1s0x14caa0a90e7ec829%3A0x7971e3ecf8f84db8!2zQmHEn2xhcsOnZcWfbWUsIDE5IE1hecSxcyBCbHYuIE5vOjE4L0QsIDM0NTEwIEVzZW55dXJ0L8Swc3RhbmJ1bA!5e0!3m2!1str!2str!4v1753789861192!5m2!1str!2str\" width=\"100%\" height=\"275\" style=\"border:0;\" allowfullscreen=\"\" loading=\"lazy\" referrerpolicy=\"no-referrer-when-downgrade\">\r\n<\/iframe>\t\t\t\t<\/div>\n\t\t\t<\/div>\n\t\t<\/div>\n\t<\/div>\n<\/section>","protected":false},"excerpt":{"rendered":"","protected":false},"author":1,"featured_media":0,"parent":0,"menu_order":0,"comment_status":"closed","ping_status":"closed","template":"","meta":{"inline_featured_image":false,"footnotes":""},"class_list":["post-1568","page","type-page","status-publish","hentry"],"acf":[],"_links":{"self":[{"href":"https:\/\/esencanhastanesi.com.tr\/en\/wp-json\/wp\/v2\/pages\/1568","targetHints":{"allow":["GET"]}}],"collection":[{"href":"https:\/\/esencanhastanesi.com.tr\/en\/wp-json\/wp\/v2\/pages"}],"about":[{"href":"https:\/\/esencanhastanesi.com.tr\/en\/wp-json\/wp\/v2\/types\/page"}],"author":[{"embeddable":true,"href":"https:\/\/esencanhastanesi.com.tr\/en\/wp-json\/wp\/v2\/users\/1"}],"replies":[{"embeddable":true,"href":"https:\/\/esencanhastanesi.com.tr\/en\/wp-json\/wp\/v2\/comments?post=1568"}],"version-history":[{"count":5,"href":"https:\/\/esencanhastanesi.com.tr\/en\/wp-json\/wp\/v2\/pages\/1568\/revisions"}],"predecessor-version":[{"id":1755,"href":"https:\/\/esencanhastanesi.com.tr\/en\/wp-json\/wp\/v2\/pages\/1568\/revisions\/1755"}],"wp:attachment":[{"href":"https:\/\/esencanhastanesi.com.tr\/en\/wp-json\/wp\/v2\/media?parent=1568"}],"curies":[{"name":"wp","href":"https:\/\/api.w.org\/{rel}","templated":true}]}}